{"id":61,"date":"2020-01-23T18:21:52","date_gmt":"2020-01-23T18:21:52","guid":{"rendered":"http:\/\/idealistic-red-stork.212-44-101-121.cpanel.site\/?page_id=61"},"modified":"2025-05-05T10:04:40","modified_gmt":"2025-05-05T09:04:40","slug":"web-agency-gb-about-us","status":"publish","type":"page","link":"https:\/\/robodapt.si\/en\/web-agency-gb-about-us\/","title":{"rendered":"About us"},"content":{"rendered":"\n<div id=\"wp-block-themeisle-blocks-advanced-columns-430c89c3\" class=\"wp-block-themeisle-blocks-advanced-columns alignfull has-1-columns has-desktop-equal-layout has-tablet-equal-layout has-mobile-equal-layout has-vertical-center has-light-bg\"><div class=\"wp-block-themeisle-blocks-advanced-columns-overlay\"><\/div><div class=\"innerblocks-wrap\">\n<div id=\"wp-block-themeisle-blocks-advanced-column-3793cfaf\" class=\"wp-block-themeisle-blocks-advanced-column has-light-bg\">\n<div class=\"wp-block-themeisle-blocks-service\">\n<h1 id=\"wp-block-themeisle-blocks-advanced-heading-40be5244\" class=\"wp-block-themeisle-blocks-advanced-heading wp-block-themeisle-blocks-advanced-heading-40be5244\">O nas<\/h1>\n<\/div>\n<\/div>\n<\/div><\/div>\n\n\n\n<div id=\"wp-block-themeisle-blocks-advanced-columns-00a8bc3d\" class=\"wp-block-themeisle-blocks-advanced-columns alignfull has-2-columns has-desktop-equal-layout has-tablet-equal-layout has-mobile-collapsedRows-layout has-vertical-center has-light-bg\"><div class=\"wp-block-themeisle-blocks-advanced-columns-overlay\"><\/div><div class=\"innerblocks-wrap\">\n<div id=\"wp-block-themeisle-blocks-advanced-column-a940b3ff\" class=\"wp-block-themeisle-blocks-advanced-column\">\n<figure class=\"wp-block-image size-full is-style-default\"><img decoding=\"async\" src=\"data:image\/gif;base64,R0lGODlhAQABAIAAAAAAAP\/\/\/yH5BAEAAAAALAAAAAABAAEAAAIBRAA7\" data-src=\"https:\/\/robodapt.si\/wp-content\/uploads\/2025\/04\/ChatGPT-Image-25.-apr.-2025-14_46_59.png\" alt=\"\" class=\"wp-image-498 lazyload\"\/><noscript><img decoding=\"async\" width=\"1024\" height=\"1024\" src=\"https:\/\/robodapt.si\/wp-content\/uploads\/2025\/04\/ChatGPT-Image-25.-apr.-2025-14_46_59.png\" alt=\"\" class=\"wp-image-498 lazyload\" srcset=\"https:\/\/robodapt.si\/wp-content\/uploads\/2025\/04\/ChatGPT-Image-25.-apr.-2025-14_46_59.png 1024w, https:\/\/robodapt.si\/wp-content\/uploads\/2025\/04\/ChatGPT-Image-25.-apr.-2025-14_46_59-300x300.png 300w, https:\/\/robodapt.si\/wp-content\/uploads\/2025\/04\/ChatGPT-Image-25.-apr.-2025-14_46_59-150x150.png 150w, https:\/\/robodapt.si\/wp-content\/uploads\/2025\/04\/ChatGPT-Image-25.-apr.-2025-14_46_59-768x768.png 768w, https:\/\/robodapt.si\/wp-content\/uploads\/2025\/04\/ChatGPT-Image-25.-apr.-2025-14_46_59-12x12.png 12w\" sizes=\"(max-width: 1024px) 100vw, 1024px\" \/><\/noscript><\/figure>\n<\/div>\n\n\n\n<div id=\"wp-block-themeisle-blocks-advanced-column-ae52a6c0\" class=\"wp-block-themeisle-blocks-advanced-column ticss-44eccd86\">\n<h2 class=\"wp-block-heading\">Na\u0161a zgodba<\/h2>\n\n\n\n<p class=\"has-medium-font-size\">Robodapt je startup podjetje specializirano za izvedbo naprednih programskih re\u0161itev s podro\u010dja mobilne robotike, industrijske robotike, strojnega vida in procesnega vodenja.<\/p>\n\n\n\n<p>Na\u0161 cilj je vpeljati robote v majhna podjetja, ki proizvajajo maloserijske proizvode. Da lahko dose\u017eemo finan\u010dno upravi\u010denost, morajo biti roboti prilagodljivi, mobilni in sposobni dela na ve\u010d strojih.<\/p>\n<\/div>\n<\/div><\/div>\n\n\n\n<div id=\"wp-block-themeisle-blocks-advanced-columns-1848b5a7\" class=\"wp-block-themeisle-blocks-advanced-columns has-3-columns has-desktop-equal-layout has-tablet-equal-layout has-mobile-collapsedRows-layout has-vertical-unset has-dark-bg\"><div class=\"wp-block-themeisle-blocks-advanced-columns-overlay\"><\/div><div class=\"innerblocks-wrap\">\n<div id=\"wp-block-themeisle-blocks-advanced-column-3182bdd5\" class=\"wp-block-themeisle-blocks-advanced-column\">\n<h2 id=\"wp-block-themeisle-blocks-advanced-heading-0cc10921\" class=\"wp-block-themeisle-blocks-advanced-heading wp-block-themeisle-blocks-advanced-heading-0cc10921\">Inovativnost<\/h2>\n\n\n\n<p class=\"has-text-align-center\">Pri svojem delu vedno i\u0161\u010demo nove re\u0161itve in razmi\u0161ljamo preko ustaljenih okvirjev.<\/p>\n<\/div>\n\n\n\n<div id=\"wp-block-themeisle-blocks-advanced-column-659348e2\" class=\"wp-block-themeisle-blocks-advanced-column\">\n<h2 id=\"wp-block-themeisle-blocks-advanced-heading-e5aa4acc\" class=\"wp-block-themeisle-blocks-advanced-heading wp-block-themeisle-blocks-advanced-heading-e5aa4acc\">Izku\u0161nje<\/h2>\n\n\n\n<p class=\"has-text-align-center\">Ve\u010dletne izku\u0161nje na podro\u010dju programiranja, strojnega in elektro na\u010drtovanja.<\/p>\n<\/div>\n\n\n\n<div id=\"wp-block-themeisle-blocks-advanced-column-4575ef4d\" class=\"wp-block-themeisle-blocks-advanced-column\">\n<h2 id=\"wp-block-themeisle-blocks-advanced-heading-fca4801f\" class=\"wp-block-themeisle-blocks-advanced-heading wp-block-themeisle-blocks-advanced-heading-fca4801f\">Vrednost<\/h2>\n\n\n\n<p class=\"has-text-align-center\">Z na\u0161imi kupci vedno i\u0161\u010demo optimalno re\u0161itev, tako tehnolo\u0161ko kot stro\u0161kovno.<\/p>\n<\/div>\n<\/div><\/div>\n\n\n\n<div id=\"wp-block-themeisle-blocks-advanced-columns-ba0f60a7\" class=\"wp-block-themeisle-blocks-advanced-columns has-3-columns has-desktop-equal-layout has-tablet-equal-layout has-mobile-collapsedRows-layout has-vertical-unset has-dark-bg\"><div class=\"wp-block-themeisle-blocks-advanced-columns-overlay\"><\/div><div class=\"innerblocks-wrap\">\n<div id=\"wp-block-themeisle-blocks-advanced-column-009ca368\" class=\"wp-block-themeisle-blocks-advanced-column\">\n<h2 id=\"wp-block-themeisle-blocks-advanced-heading-b8284ddb\" class=\"wp-block-themeisle-blocks-advanced-heading wp-block-themeisle-blocks-advanced-heading-b8284ddb\">Podpora<\/h2>\n\n\n\n<p class=\"has-text-align-center\">Nakup stroja je le prvi korak do visoke produktivnosti. Klju\u010dni del je zagotavljanje, da stroj ves \u010das dosega zahtevane parametre.<\/p>\n<\/div>\n\n\n\n<div id=\"wp-block-themeisle-blocks-advanced-column-57ff6bd2\" class=\"wp-block-themeisle-blocks-advanced-column\">\n<h2 id=\"wp-block-themeisle-blocks-advanced-heading-f8390dd8\" class=\"wp-block-themeisle-blocks-advanced-heading wp-block-themeisle-blocks-advanced-heading-f8390dd8\">Prilagodljivost<\/h2>\n\n\n\n<p class=\"has-text-align-center\">Modularne re\u0161itve na podro\u010dju programiranja in projektiranja. Na\u0161e re\u0161itve so prilagojene va\u0161im zahtevam in \u017eeljam.<\/p>\n<\/div>\n\n\n\n<div id=\"wp-block-themeisle-blocks-advanced-column-b5befe24\" class=\"wp-block-themeisle-blocks-advanced-column\">\n<h2 id=\"wp-block-themeisle-blocks-advanced-heading-ae4a32e0\" class=\"wp-block-themeisle-blocks-advanced-heading wp-block-themeisle-blocks-advanced-heading-ae4a32e0\">Kvaliteta<\/h2>\n\n\n\n<p class=\"has-text-align-center\">Pri delu oporabljamo le zanesljive proizvajalce elektro in strojne opreme. Na\u0161i stroji so masivni in predimenzionirani.<\/p>\n<\/div>\n<\/div><\/div>\n\n\n\n<div id=\"wp-block-themeisle-blocks-advanced-columns-4a5156be\" class=\"wp-block-themeisle-blocks-advanced-columns has-2-columns has-desktop-equal-layout has-tablet-equal-layout has-mobile-collapsedRows-layout has-vertical-unset\"><div class=\"wp-block-themeisle-blocks-advanced-columns-overlay\"><\/div><div class=\"innerblocks-wrap\">\n<div id=\"wp-block-themeisle-blocks-advanced-column-2f405c66\" class=\"wp-block-themeisle-blocks-advanced-column\">\n<h3 id=\"wp-block-themeisle-blocks-advanced-heading-23c8451b\" class=\"wp-block-themeisle-blocks-advanced-heading wp-block-themeisle-blocks-advanced-heading-23c8451b\">Robodapt, Matic Vodopivec s.p.<br>Klenik 83, 6257 Pivka, Slovenija<br>Tel: +386 31 271 394<br>E: info@robodapt.si<br>ID za DDV: SI50965000<\/h3>\n<\/div>\n\n\n\n<div id=\"wp-block-themeisle-blocks-advanced-column-da59e570\" class=\"wp-block-themeisle-blocks-advanced-column\"><div style=\"height:400pxpx;\" class=\"wp-block-themeisle-blocks-leaflet-map\" id=\"wp-block-themeisle-blocks-leaflet-map-be6266d6\"><\/div>\n<script type=\"text\/javascript\">\n\t\/* <![CDATA[ *\/\n\t\tif ( ! window.themeisleLeafletMaps ) window.themeisleLeafletMaps =[];\n\t\twindow.themeisleLeafletMaps.push( { container: \"wp-block-themeisle-blocks-leaflet-map-be6266d6\", attributes: {\"id\":\"wp-block-themeisle-blocks-leaflet-map-be6266d6\",\"location\":\"Klenik 83, 6257 Pivka\",\"latitude\":\"45.67470253748354\",\"longitude\":\"14.231629371643068\",\"bbox\":\"14.20738220214844,45.66270673585588,14.255876541137697,45.68669576828873\",\"zoom\":14,\"markers\":[{\"id\":\"35234072-095e-4928-b410-224d3ce1c20c\",\"latitude\":45.677375600000004851608537137508392333984375,\"longitude\":14.224760950726807351429670234210789203643798828125,\"title\":\"Robodapt \",\"description\":\"\",\"location\":\"Klenik 83\"}],\"height\":\"400px\",\"zoomControl\":true,\"draggable\":true,\"hasCustomCSS\":false,\"customCSS\":\"\",\"TrpContentRestriction\":{\"restriction_type\":\"exclude\",\"selected_languages\":[],\"panel_open\":true},\"openPopupId\":\"\",\"otterConditions\":[]} } );\n\t\/* ]]> *\/\n<\/script>\n<\/div>\n<\/div><\/div>\n\n\n\n<p><\/p>\n","protected":false},"excerpt":{"rendered":"","protected":false},"author":1,"featured_media":0,"parent":0,"menu_order":0,"comment_status":"closed","ping_status":"closed","template":"page-templates\/template-pagebuilder-full-width.php","meta":{"neve_meta_sidebar":"full-width","neve_meta_container":"","neve_meta_enable_content_width":"on","neve_meta_content_width":100,"neve_meta_title_alignment":"","neve_meta_author_avatar":"","neve_post_elements_order":"","neve_meta_disable_header":"","neve_meta_disable_footer":"","neve_meta_disable_title":"on","_themeisle_gutenberg_block_has_review":false,"footnotes":""},"class_list":["post-61","page","type-page","status-publish","hentry"],"_links":{"self":[{"href":"https:\/\/robodapt.si\/en\/wp-json\/wp\/v2\/pages\/61","targetHints":{"allow":["GET"]}}],"collection":[{"href":"https:\/\/robodapt.si\/en\/wp-json\/wp\/v2\/pages"}],"about":[{"href":"https:\/\/robodapt.si\/en\/wp-json\/wp\/v2\/types\/page"}],"author":[{"embeddable":true,"href":"https:\/\/robodapt.si\/en\/wp-json\/wp\/v2\/users\/1"}],"replies":[{"embeddable":true,"href":"https:\/\/robodapt.si\/en\/wp-json\/wp\/v2\/comments?post=61"}],"version-history":[{"count":36,"href":"https:\/\/robodapt.si\/en\/wp-json\/wp\/v2\/pages\/61\/revisions"}],"predecessor-version":[{"id":761,"href":"https:\/\/robodapt.si\/en\/wp-json\/wp\/v2\/pages\/61\/revisions\/761"}],"wp:attachment":[{"href":"https:\/\/robodapt.si\/en\/wp-json\/wp\/v2\/media?parent=61"}],"curies":[{"name":"wp","href":"https:\/\/api.w.org\/{rel}","templated":true}]}}