{"id":551,"date":"2025-04-28T14:56:48","date_gmt":"2025-04-28T13:56:48","guid":{"rendered":"http:\/\/idealistic-red-stork.212-44-101-121.cpanel.site\/?page_id=551"},"modified":"2025-05-05T10:03:28","modified_gmt":"2025-05-05T09:03:28","slug":"storitve","status":"publish","type":"page","link":"https:\/\/robodapt.si\/en\/storitve\/","title":{"rendered":"Services"},"content":{"rendered":"\n<div id=\"wp-block-themeisle-blocks-advanced-columns-430c89c3\" class=\"wp-block-themeisle-blocks-advanced-columns alignfull has-1-columns has-desktop-equal-layout has-tablet-equal-layout has-mobile-equal-layout has-vertical-center has-light-bg\"><div class=\"wp-block-themeisle-blocks-advanced-columns-overlay\"><\/div><div class=\"innerblocks-wrap\">\n<div id=\"wp-block-themeisle-blocks-advanced-column-3793cfaf\" class=\"wp-block-themeisle-blocks-advanced-column has-light-bg\">\n<div class=\"wp-block-themeisle-blocks-service\">\n<h1 id=\"wp-block-themeisle-blocks-advanced-heading-40be5244\" class=\"wp-block-themeisle-blocks-advanced-heading wp-block-themeisle-blocks-advanced-heading-40be5244\">Storitve<\/h1>\n<\/div>\n<\/div>\n<\/div><\/div>\n\n\n\n<div id=\"wp-block-themeisle-blocks-advanced-columns-00a8bc3d\" class=\"wp-block-themeisle-blocks-advanced-columns alignfull has-2-columns has-desktop-equal-layout has-tablet-equal-layout has-mobile-collapsedRows-layout has-vertical-center has-light-bg\"><div class=\"wp-block-themeisle-blocks-advanced-columns-overlay\"><\/div><div class=\"innerblocks-wrap\">\n<div id=\"wp-block-themeisle-blocks-advanced-column-a940b3ff\" class=\"wp-block-themeisle-blocks-advanced-column\">\n<figure class=\"wp-block-image size-full is-style-default\"><img decoding=\"async\" src=\"data:image\/gif;base64,R0lGODlhAQABAIAAAAAAAP\/\/\/yH5BAEAAAAALAAAAAABAAEAAAIBRAA7\" data-src=\"https:\/\/robodapt.si\/wp-content\/uploads\/2025\/04\/Vision.png\" alt=\"\" class=\"wp-image-567 lazyload\"\/><noscript><img decoding=\"async\" width=\"1024\" height=\"1024\" src=\"https:\/\/robodapt.si\/wp-content\/uploads\/2025\/04\/Vision.png\" alt=\"\" class=\"wp-image-567 lazyload\" srcset=\"https:\/\/robodapt.si\/wp-content\/uploads\/2025\/04\/Vision.png 1024w, https:\/\/robodapt.si\/wp-content\/uploads\/2025\/04\/Vision-300x300.png 300w, https:\/\/robodapt.si\/wp-content\/uploads\/2025\/04\/Vision-150x150.png 150w, https:\/\/robodapt.si\/wp-content\/uploads\/2025\/04\/Vision-768x768.png 768w, https:\/\/robodapt.si\/wp-content\/uploads\/2025\/04\/Vision-12x12.png 12w\" sizes=\"(max-width: 1024px) 100vw, 1024px\" \/><\/noscript><\/figure>\n<\/div>\n\n\n\n<div id=\"wp-block-themeisle-blocks-advanced-column-ae52a6c0\" class=\"wp-block-themeisle-blocks-advanced-column ticss-44eccd86\">\n<h2 class=\"wp-block-heading\">Strojni vid<\/h2>\n\n\n\n<p class=\"has-medium-font-size\">Na\u0161e aplikacije za <strong>strojni vid<\/strong> zdru\u017eujejo najnovej\u0161e algoritme globokega u\u010denja, prilagojeno osvetlitev in napredno optiko, ki procesu doda par izjemno natan\u010dnih \u201cdigitalnih o\u010di\u201d.<\/p>\n\n\n\n<p class=\"has-medium-font-size\">Rezultat? Hitrej\u0161a proizvodnja, manj napak in popoln nadzor nad kakovostjo \u2013 24 ur na dan, 7 dni v tednu.<\/p>\n\n\n\n<p><\/p>\n<\/div>\n<\/div><\/div>\n\n\n\n<div id=\"wp-block-themeisle-blocks-advanced-columns-2d53edeb\" class=\"wp-block-themeisle-blocks-advanced-columns has-2-columns has-desktop-equal-layout has-tablet-equal-layout has-mobile-collapsedRows-layout has-vertical-unset\"><div class=\"wp-block-themeisle-blocks-advanced-columns-overlay\"><\/div><div class=\"innerblocks-wrap\">\n<div id=\"wp-block-themeisle-blocks-advanced-column-152f847a\" class=\"wp-block-themeisle-blocks-advanced-column\">\n<p id=\"wp-block-themeisle-blocks-advanced-heading-ee7866aa\" class=\"wp-block-themeisle-blocks-advanced-heading wp-block-themeisle-blocks-advanced-heading-ee7866aa\"><strong>100 % kontrola kakovosti v realnem \u010dasu<\/strong><br>Visokolo\u010dljive kamere podprte z AI samodejno prepoznajo napake, defekte in izvedejo meritve.<br><strong>Povezana avtomatizacija<\/strong><br>Integriramo strojni vid z roboti in krmilniki PLC, da dose\u017eemo popolnoma sinhrono delovanje in optimalen cikel.<br><strong>Prilagodljivost po meri<\/strong><br>Ne glede na to, ali delate s kovino, plastiko, hrano ali lesom\u2013 na\u0161e modularne platforme konfiguriramo za va\u0161 specifi\u010den primer. <br><strong>Shranjevanje slik za popolno preglednost<\/strong><br>Slike z ozna\u010denimi rezultati se shranjujejo na disk ali po\u0161iljajo preko FTP protokola na va\u0161e stre\u017enike. <br><strong>Robustna oprema, pripravljena na industrijo 4.0<\/strong><br>IP67 ohi\u0161ja, razli\u010dni viri osvetlitev, povezljivost prek OPC UA. Pri delu uporabljamo zanesljive komponente proizvajalcev Keyence, Cognex, Basler, Sick&#8230; <\/p>\n<\/div>\n\n\n\n<div id=\"wp-block-themeisle-blocks-advanced-column-a46f2b3d\" class=\"wp-block-themeisle-blocks-advanced-column\">\n<div id=\"wp-block-themeisle-blocks-slider-3418d748\" class=\"wp-block-themeisle-blocks-slider glide\" data-per-view=\"1\" data-gap=\"0\" data-peek=\"0\" data-autoplay=\"true\" data-height=\"100%\" data-hide-arrows=\"false\"><div class=\"glide__track\" data-glide-el=\"track\"><div class=\"glide__slides\"><div class=\"wp-block-themeisle-blocks-slider-item-wrapper glide__slide\" tabindex=\"0\"><figure><img decoding=\"async\" class=\"wp-block-themeisle-blocks-slider-item lazyload\" src=\"data:image\/gif;base64,R0lGODlhAQABAIAAAAAAAP\/\/\/yH5BAEAAAAALAAAAAABAAEAAAIBRAA7\" data-src=\"https:\/\/robodapt.si\/wp-content\/uploads\/2025\/04\/Vezje-2.png\" alt=\"\" title=\"\" data-id=\"581\"\/><noscript><img decoding=\"async\" class=\"wp-block-themeisle-blocks-slider-item lazyload\" src=\"https:\/\/robodapt.si\/wp-content\/uploads\/2025\/04\/Vezje-2.png\" alt=\"\" title=\"\" data-id=\"581\"\/><\/noscript><\/figure><\/div><div class=\"wp-block-themeisle-blocks-slider-item-wrapper glide__slide\" tabindex=\"0\"><figure><img decoding=\"async\" class=\"wp-block-themeisle-blocks-slider-item lazyload\" src=\"data:image\/gif;base64,R0lGODlhAQABAIAAAAAAAP\/\/\/yH5BAEAAAAALAAAAAABAAEAAAIBRAA7\" data-src=\"https:\/\/robodapt.si\/wp-content\/uploads\/2025\/04\/Kruh_surov-1.png\" alt=\"\" title=\"\" data-id=\"585\"\/><noscript><img decoding=\"async\" class=\"wp-block-themeisle-blocks-slider-item lazyload\" src=\"https:\/\/robodapt.si\/wp-content\/uploads\/2025\/04\/Kruh_surov-1.png\" alt=\"\" title=\"\" data-id=\"585\"\/><\/noscript><\/figure><\/div><div class=\"wp-block-themeisle-blocks-slider-item-wrapper glide__slide\" tabindex=\"0\"><figure><img decoding=\"async\" class=\"wp-block-themeisle-blocks-slider-item lazyload\" src=\"data:image\/gif;base64,R0lGODlhAQABAIAAAAAAAP\/\/\/yH5BAEAAAAALAAAAAABAAEAAAIBRAA7\" data-src=\"https:\/\/robodapt.si\/wp-content\/uploads\/2025\/04\/Kruh_koncna-1.png\" alt=\"\" title=\"\" data-id=\"584\"\/><noscript><img decoding=\"async\" class=\"wp-block-themeisle-blocks-slider-item lazyload\" src=\"https:\/\/robodapt.si\/wp-content\/uploads\/2025\/04\/Kruh_koncna-1.png\" alt=\"\" title=\"\" data-id=\"584\"\/><\/noscript><\/figure><\/div><div class=\"wp-block-themeisle-blocks-slider-item-wrapper glide__slide\" tabindex=\"0\"><figure><img decoding=\"async\" class=\"wp-block-themeisle-blocks-slider-item lazyload\" src=\"data:image\/gif;base64,R0lGODlhAQABAIAAAAAAAP\/\/\/yH5BAEAAAAALAAAAAABAAEAAAIBRAA7\" data-src=\"https:\/\/robodapt.si\/wp-content\/uploads\/2025\/04\/Huliot_kamera-1.png\" alt=\"\" title=\"\" data-id=\"583\"\/><noscript><img decoding=\"async\" class=\"wp-block-themeisle-blocks-slider-item lazyload\" src=\"https:\/\/robodapt.si\/wp-content\/uploads\/2025\/04\/Huliot_kamera-1.png\" alt=\"\" title=\"\" data-id=\"583\"\/><\/noscript><\/figure><\/div><\/div><div class=\"glide__bullets\" data-glide-el=\"controls[nav]\"><button class=\"glide__bullet\" data-glide-dir=\"=0\"><\/button><button class=\"glide__bullet\" data-glide-dir=\"=1\"><\/button><button class=\"glide__bullet\" data-glide-dir=\"=2\"><\/button><button class=\"glide__bullet\" data-glide-dir=\"=3\"><\/button><\/div><\/div><\/div>\n<\/div>\n<\/div><\/div>\n\n\n\n<div id=\"wp-block-themeisle-blocks-advanced-columns-f317548e\" class=\"wp-block-themeisle-blocks-advanced-columns alignfull has-2-columns has-desktop-equal-layout has-tablet-equal-layout has-mobile-collapsedRows-layout has-vertical-center has-dark-bg\"><div class=\"wp-block-themeisle-blocks-advanced-columns-overlay\"><\/div><div class=\"innerblocks-wrap\">\n<div id=\"wp-block-themeisle-blocks-advanced-column-950e6127\" class=\"wp-block-themeisle-blocks-advanced-column\">\n<figure class=\"wp-block-image size-full is-style-default\"><img decoding=\"async\" src=\"data:image\/gif;base64,R0lGODlhAQABAIAAAAAAAP\/\/\/yH5BAEAAAAALAAAAAABAAEAAAIBRAA7\" data-src=\"https:\/\/robodapt.si\/wp-content\/uploads\/2025\/04\/Robotics.png\" alt=\"\" class=\"wp-image-589 lazyload\"\/><noscript><img decoding=\"async\" width=\"1024\" height=\"1024\" src=\"https:\/\/robodapt.si\/wp-content\/uploads\/2025\/04\/Robotics.png\" alt=\"\" class=\"wp-image-589 lazyload\" srcset=\"https:\/\/robodapt.si\/wp-content\/uploads\/2025\/04\/Robotics.png 1024w, https:\/\/robodapt.si\/wp-content\/uploads\/2025\/04\/Robotics-300x300.png 300w, https:\/\/robodapt.si\/wp-content\/uploads\/2025\/04\/Robotics-150x150.png 150w, https:\/\/robodapt.si\/wp-content\/uploads\/2025\/04\/Robotics-768x768.png 768w, https:\/\/robodapt.si\/wp-content\/uploads\/2025\/04\/Robotics-12x12.png 12w\" sizes=\"(max-width: 1024px) 100vw, 1024px\" \/><\/noscript><\/figure>\n<\/div>\n\n\n\n<div id=\"wp-block-themeisle-blocks-advanced-column-ac3f89a9\" class=\"wp-block-themeisle-blocks-advanced-column ticss-44eccd86\">\n<h2 class=\"wp-block-heading\">Programiranje robotov<\/h2>\n\n\n\n<p class=\"has-medium-font-size\">Va\u0161e zahteve natan\u010dno preu\u010dimo in na podlagi tega izdelamo program, ki to\u010dno ustreza procesu. Robotski program je lahko popolnoma parametriziran, tako da so vsi gibi robota prilagoljivi glede na tip izdelka.  <\/p>\n\n\n\n<p class=\"has-medium-font-size\">Rezultat? Hitri, enostavni in varni popravki to\u010dk. Brez zastojev, 100 % produktivnost.<\/p>\n\n\n\n<p><\/p>\n<\/div>\n<\/div><\/div>\n\n\n\n<div id=\"wp-block-themeisle-blocks-advanced-columns-a9e22064\" class=\"wp-block-themeisle-blocks-advanced-columns alignfull has-1-columns has-desktop-equal-layout has-tablet-equal-layout has-mobile-equal-layout has-vertical-center has-dark-bg\"><div class=\"wp-block-themeisle-blocks-advanced-columns-overlay\"><\/div><div class=\"innerblocks-wrap\">\n<div id=\"wp-block-themeisle-blocks-advanced-column-b885a377\" class=\"wp-block-themeisle-blocks-advanced-column\">\n<p id=\"wp-block-themeisle-blocks-advanced-heading-6d4c0a0f\" class=\"wp-block-themeisle-blocks-advanced-heading wp-block-themeisle-blocks-advanced-heading-6d4c0a0f\"><strong>&#8220;Pravi&#8221; cikli<\/strong><br>Dinami\u010dno na\u010drtovanje poti, minimizacija praznih hodov, idealna hitrost. Cikel optimiziramo tako, da je ta ravno pravi. Poti robota programiramo tako, da je obraba mehanskih delov \u010dim manj\u0161a.<br><strong>Ve\u010dprocesna strokovnost<\/strong><br>Smo specialisti za robotsko pobiranje razmetanih kosov, merjenje, kovanje, paletizacijo, CNC-strego.<br><strong>Offline simulacije<\/strong><br>Pred zagonom preverimo trke, doseg in \u010das cikla.<br><strong>Odprta integracija<\/strong><br>Pove\u017eemo robote s strojnim vidom, PLC-ji, IIoT-platformami prek OPC UA, Profinet, Ethernet\/IP ter poskrbimo za celovit nadzor.<br><strong>Varnost brez kompromisov<\/strong><br>Izdelamo in validiramo varnostne cone, omejimo gibe robota in omejimo parametre robota, da prepre\u010dimo po\u0161kodbe operaterjev in opreme.<br><strong>Zanesljivi proizvajalci<\/strong><br>Fanuc, ABB, Yaskawa<\/p>\n<\/div>\n<\/div><\/div>\n\n\n\n<div id=\"wp-block-themeisle-blocks-advanced-columns-dd7ad1ec\" class=\"wp-block-themeisle-blocks-advanced-columns alignfull has-2-columns has-desktop-equal-layout has-tablet-equal-layout has-mobile-collapsedRows-layout has-vertical-center has-light-bg\"><div class=\"wp-block-themeisle-blocks-advanced-columns-overlay\"><\/div><div class=\"innerblocks-wrap\">\n<div id=\"wp-block-themeisle-blocks-advanced-column-751f2e73\" class=\"wp-block-themeisle-blocks-advanced-column\">\n<figure class=\"wp-block-image size-full is-style-default\"><img decoding=\"async\" src=\"data:image\/gif;base64,R0lGODlhAQABAIAAAAAAAP\/\/\/yH5BAEAAAAALAAAAAABAAEAAAIBRAA7\" data-src=\"https:\/\/robodapt.si\/wp-content\/uploads\/2025\/04\/PLC.png\" alt=\"\" class=\"wp-image-608 lazyload\"\/><noscript><img decoding=\"async\" width=\"1024\" height=\"1024\" src=\"https:\/\/robodapt.si\/wp-content\/uploads\/2025\/04\/PLC.png\" alt=\"\" class=\"wp-image-608 lazyload\" srcset=\"https:\/\/robodapt.si\/wp-content\/uploads\/2025\/04\/PLC.png 1024w, https:\/\/robodapt.si\/wp-content\/uploads\/2025\/04\/PLC-300x300.png 300w, https:\/\/robodapt.si\/wp-content\/uploads\/2025\/04\/PLC-150x150.png 150w, https:\/\/robodapt.si\/wp-content\/uploads\/2025\/04\/PLC-768x768.png 768w, https:\/\/robodapt.si\/wp-content\/uploads\/2025\/04\/PLC-12x12.png 12w\" sizes=\"(max-width: 1024px) 100vw, 1024px\" \/><\/noscript><\/figure>\n<\/div>\n\n\n\n<div id=\"wp-block-themeisle-blocks-advanced-column-471cd184\" class=\"wp-block-themeisle-blocks-advanced-column ticss-44eccd86\">\n<h2 class=\"wp-block-heading\">PLC programiranje<\/h2>\n\n\n\n<p class=\"has-medium-font-size\">Na\u0161 pristop k programiranju PLC-jev je strukturiran in poteka v sodelovanju z naro\u010dnikom. Vgrajena diagnostika v realnem \u010dasu samodejno zazna napake, predlaga re\u0161itve in vodi vzdr\u017eevalce do to\u010dnega vzroka, kar skraj\u0161a zastoje na minimum. Re\u0161itve so zasnovane za enostavno uporabo \u2013 od prvega zagona do vsakodnevnega upravljanja.<\/p>\n\n\n\n<p class=\"has-medium-font-size\">Rezultat? Hitrej\u0161e usposabljanje operaterjev, manj zastojev, hitrej\u0161a donosnost investicije.<\/p>\n\n\n\n<p><\/p>\n<\/div>\n<\/div><\/div>\n\n\n\n<div id=\"wp-block-themeisle-blocks-advanced-columns-fb63b684\" class=\"wp-block-themeisle-blocks-advanced-columns alignfull has-1-columns has-desktop-equal-layout has-tablet-equal-layout has-mobile-equal-layout has-vertical-center has-light-bg\"><div class=\"wp-block-themeisle-blocks-advanced-columns-overlay\"><\/div><div class=\"innerblocks-wrap\">\n<div id=\"wp-block-themeisle-blocks-advanced-column-7c0619f3\" class=\"wp-block-themeisle-blocks-advanced-column\">\n<p id=\"wp-block-themeisle-blocks-advanced-heading-a7668229\" class=\"wp-block-themeisle-blocks-advanced-heading wp-block-themeisle-blocks-advanced-heading-a7668229\"><strong>Napredna PID-kontrola<\/strong><br>Samodejno ugla\u0161evanje regulatorjev poskrbi za stabilne temperature, tlake in hitrosti brez oscilacij, tudi pri zahtevnih nelinearnih sistemih.<br><strong>Servo pogoni &amp; cam profili<\/strong><br>Sinhroniziramo ve\u010dosne servo sisteme in ustvarimo cam profile za gladke, visoko dinami\u010dne gibe z natan\u010dnostjo v mikronih.<br><strong>Prilagojen HMI<\/strong><br>Podjetju prilagojen uporabni\u0161ki vmesnik. Za hiter in nemoten zagon novega stroja.<br><strong>Poro\u010dila<\/strong><br>Dnevna poro\u010dila o produktivnosti stroja. Email obve\u0161\u010danje o zastojih.<br><strong>Podpora &amp; nadgradnje<\/strong><br>Nadaljna optimizacija cikla in izbolj\u0161ave tudi po predaji stroja v uporabo.<br><strong>Zanesljivi proizvajalci<\/strong><br>Siemens, B&amp;R, Unitronics, Beckhoff, Control Techniques<\/p>\n<\/div>\n<\/div><\/div>\n\n\n\n<div id=\"wp-block-themeisle-blocks-advanced-columns-8f70a3e4\" class=\"wp-block-themeisle-blocks-advanced-columns has-1-columns has-desktop-equal-layout has-tablet-equal-layout has-mobile-equal-layout has-vertical-unset ticss-8f70a3e4\"><div class=\"wp-block-themeisle-blocks-advanced-columns-overlay\"><\/div><div class=\"innerblocks-wrap\">\n<div id=\"wp-block-themeisle-blocks-advanced-column-ebcf0fcb\" class=\"wp-block-themeisle-blocks-advanced-column\">\n<div class=\"wp-block-buttons is-content-justification-center is-layout-flex wp-container-core-buttons-is-layout-16018d1d wp-block-buttons-is-layout-flex\">\n<div class=\"wp-block-button\"><a class=\"wp-block-button__link has-neve-link-color-color has-nv-dark-bg-background-color has-text-color has-background has-link-color has-border-color has-neve-link-color-border-color has-text-align-center has-custom-font-size wp-element-button\" href=\"https:\/\/robodapt.si\/web-agency-gb-contact-us\/\" style=\"border-width:3px;border-radius:5px;font-size:14px\">Povpra\u0161evanje<\/a><\/div>\n<\/div>\n<\/div>\n<\/div><\/div>\n\n\n\n<p><\/p>\n","protected":false},"excerpt":{"rendered":"","protected":false},"author":1,"featured_media":0,"parent":0,"menu_order":0,"comment_status":"closed","ping_status":"closed","template":"page-templates\/template-pagebuilder-full-width.php","meta":{"neve_meta_sidebar":"","neve_meta_container":"","neve_meta_enable_content_width":"","neve_meta_content_width":0,"neve_meta_title_alignment":"","neve_meta_author_avatar":"","neve_post_elements_order":"","neve_meta_disable_header":"","neve_meta_disable_footer":"","neve_meta_disable_title":"","_themeisle_gutenberg_block_has_review":false,"footnotes":""},"class_list":["post-551","page","type-page","status-publish","hentry"],"_links":{"self":[{"href":"https:\/\/robodapt.si\/en\/wp-json\/wp\/v2\/pages\/551","targetHints":{"allow":["GET"]}}],"collection":[{"href":"https:\/\/robodapt.si\/en\/wp-json\/wp\/v2\/pages"}],"about":[{"href":"https:\/\/robodapt.si\/en\/wp-json\/wp\/v2\/types\/page"}],"author":[{"embeddable":true,"href":"https:\/\/robodapt.si\/en\/wp-json\/wp\/v2\/users\/1"}],"replies":[{"embeddable":true,"href":"https:\/\/robodapt.si\/en\/wp-json\/wp\/v2\/comments?post=551"}],"version-history":[{"count":77,"href":"https:\/\/robodapt.si\/en\/wp-json\/wp\/v2\/pages\/551\/revisions"}],"predecessor-version":[{"id":755,"href":"https:\/\/robodapt.si\/en\/wp-json\/wp\/v2\/pages\/551\/revisions\/755"}],"wp:attachment":[{"href":"https:\/\/robodapt.si\/en\/wp-json\/wp\/v2\/media?parent=551"}],"curies":[{"name":"wp","href":"https:\/\/api.w.org\/{rel}","templated":true}]}}